{"id":7209,"date":"2020-02-27T15:36:12","date_gmt":"2020-02-27T14:36:12","guid":{"rendered":"https:\/\/www.pikas.at\/produkty\/vykonove-rele-polstertec\/monostabile-leistungsrelais\/"},"modified":"2025-03-12T10:15:31","modified_gmt":"2025-03-12T09:15:31","slug":"monostabilni-vykonove-rele","status":"publish","type":"page","link":"https:\/\/www.pikas.at\/cs\/produkty\/vykonove-rele-polstertec\/monostabilni-vykonove-rele\/","title":{"rendered":"Monostabiln\u00ed v\u00fdkonov\u00e9 rel\u00e9"},"content":{"rendered":"","protected":false},"excerpt":{"rendered":"","protected":false},"author":1,"featured_media":7213,"parent":7197,"menu_order":1032,"comment_status":"closed","ping_status":"closed","template":"","meta":{"_acf_changed":false,"_relevanssi_hide_post":"","_relevanssi_hide_content":"","_relevanssi_pin_for_all":"","_relevanssi_pin_keywords":"","_relevanssi_unpin_keywords":"","_relevanssi_related_keywords":"","_relevanssi_related_include_ids":"","_relevanssi_related_exclude_ids":"","_relevanssi_related_no_append":"","_relevanssi_related_not_related":"","_relevanssi_related_posts":"","_relevanssi_noindex_reason":"","footnotes":""},"class_list":["post-7209","page","type-page","status-publish","has-post-thumbnail","hentry"],"acf":[],"_links":{"self":[{"href":"https:\/\/www.pikas.at\/cs\/wp-json\/wp\/v2\/pages\/7209","targetHints":{"allow":["GET"]}}],"collection":[{"href":"https:\/\/www.pikas.at\/cs\/wp-json\/wp\/v2\/pages"}],"about":[{"href":"https:\/\/www.pikas.at\/cs\/wp-json\/wp\/v2\/types\/page"}],"author":[{"embeddable":true,"href":"https:\/\/www.pikas.at\/cs\/wp-json\/wp\/v2\/users\/1"}],"replies":[{"embeddable":true,"href":"https:\/\/www.pikas.at\/cs\/wp-json\/wp\/v2\/comments?post=7209"}],"version-history":[{"count":5,"href":"https:\/\/www.pikas.at\/cs\/wp-json\/wp\/v2\/pages\/7209\/revisions"}],"predecessor-version":[{"id":17893,"href":"https:\/\/www.pikas.at\/cs\/wp-json\/wp\/v2\/pages\/7209\/revisions\/17893"}],"up":[{"embeddable":true,"href":"https:\/\/www.pikas.at\/cs\/wp-json\/wp\/v2\/pages\/7197"}],"wp:featuredmedia":[{"embeddable":true,"href":"https:\/\/www.pikas.at\/cs\/wp-json\/wp\/v2\/media\/7213"}],"wp:attachment":[{"href":"https:\/\/www.pikas.at\/cs\/wp-json\/wp\/v2\/media?parent=7209"}],"curies":[{"name":"wp","href":"https:\/\/api.w.org\/{rel}","templated":true}]}}