{"id":7801,"date":"2020-02-27T15:36:12","date_gmt":"2020-02-27T14:36:12","guid":{"rendered":"https:\/\/www.pikas.at\/produkty\/gigavac\/hbd-manuelle-batterietrennschalter-12-1000vdc\/"},"modified":"2021-03-29T10:21:52","modified_gmt":"2021-03-29T08:21:52","slug":"hbd-manualni-odpojovac-baterie-12-1000vdc","status":"publish","type":"page","link":"https:\/\/www.pikas.at\/cs\/produkty\/gigavac\/hbd-manualni-odpojovac-baterie-12-1000vdc\/","title":{"rendered":"HBD manu\u00e1ln\u00ed odpojova\u010d baterie 12-1000VDC"},"content":{"rendered":"","protected":false},"excerpt":{"rendered":"","protected":false},"author":1,"featured_media":7805,"parent":7777,"menu_order":1024,"comment_status":"closed","ping_status":"closed","template":"","meta":{"_acf_changed":false,"_relevanssi_hide_post":"","_relevanssi_hide_content":"","_relevanssi_pin_for_all":"","_relevanssi_pin_keywords":"","_relevanssi_unpin_keywords":"","_relevanssi_related_keywords":"","_relevanssi_related_include_ids":"","_relevanssi_related_exclude_ids":"","_relevanssi_related_no_append":"","_relevanssi_related_not_related":"","_relevanssi_related_posts":"","_relevanssi_noindex_reason":"","footnotes":""},"class_list":["post-7801","page","type-page","status-publish","has-post-thumbnail","hentry"],"acf":[],"_links":{"self":[{"href":"https:\/\/www.pikas.at\/cs\/wp-json\/wp\/v2\/pages\/7801","targetHints":{"allow":["GET"]}}],"collection":[{"href":"https:\/\/www.pikas.at\/cs\/wp-json\/wp\/v2\/pages"}],"about":[{"href":"https:\/\/www.pikas.at\/cs\/wp-json\/wp\/v2\/types\/page"}],"author":[{"embeddable":true,"href":"https:\/\/www.pikas.at\/cs\/wp-json\/wp\/v2\/users\/1"}],"replies":[{"embeddable":true,"href":"https:\/\/www.pikas.at\/cs\/wp-json\/wp\/v2\/comments?post=7801"}],"version-history":[{"count":4,"href":"https:\/\/www.pikas.at\/cs\/wp-json\/wp\/v2\/pages\/7801\/revisions"}],"predecessor-version":[{"id":10205,"href":"https:\/\/www.pikas.at\/cs\/wp-json\/wp\/v2\/pages\/7801\/revisions\/10205"}],"up":[{"embeddable":true,"href":"https:\/\/www.pikas.at\/cs\/wp-json\/wp\/v2\/pages\/7777"}],"wp:featuredmedia":[{"embeddable":true,"href":"https:\/\/www.pikas.at\/cs\/wp-json\/wp\/v2\/media\/7805"}],"wp:attachment":[{"href":"https:\/\/www.pikas.at\/cs\/wp-json\/wp\/v2\/media?parent=7801"}],"curies":[{"name":"wp","href":"https:\/\/api.w.org\/{rel}","templated":true}]}}