{"id":8697,"date":"2020-04-01T16:33:31","date_gmt":"2020-04-01T14:33:31","guid":{"rendered":"https:\/\/www.pikas.at\/produkty\/bezpecnostni-oznaceni\/warning-marks-ece-70-01\/"},"modified":"2021-06-08T14:39:14","modified_gmt":"2021-06-08T12:39:14","slug":"varovne-znaceni-ece-70-01","status":"publish","type":"page","link":"https:\/\/www.pikas.at\/cs\/produkty\/bezpecnostni-oznaceni\/varovne-znaceni-ece-70-01\/","title":{"rendered":"Varovn\u00e9 zna\u010den\u00ed ECE 70.01"},"content":{"rendered":"","protected":false},"excerpt":{"rendered":"","protected":false},"author":1,"featured_media":8699,"parent":8617,"menu_order":0,"comment_status":"closed","ping_status":"closed","template":"","meta":{"_acf_changed":false,"_relevanssi_hide_post":"","_relevanssi_hide_content":"","_relevanssi_pin_for_all":"","_relevanssi_pin_keywords":"","_relevanssi_unpin_keywords":"","_relevanssi_related_keywords":"","_relevanssi_related_include_ids":"","_relevanssi_related_exclude_ids":"","_relevanssi_related_no_append":"","_relevanssi_related_not_related":"","_relevanssi_related_posts":"","_relevanssi_noindex_reason":"","footnotes":""},"class_list":["post-8697","page","type-page","status-publish","has-post-thumbnail","hentry"],"acf":[],"_links":{"self":[{"href":"https:\/\/www.pikas.at\/cs\/wp-json\/wp\/v2\/pages\/8697","targetHints":{"allow":["GET"]}}],"collection":[{"href":"https:\/\/www.pikas.at\/cs\/wp-json\/wp\/v2\/pages"}],"about":[{"href":"https:\/\/www.pikas.at\/cs\/wp-json\/wp\/v2\/types\/page"}],"author":[{"embeddable":true,"href":"https:\/\/www.pikas.at\/cs\/wp-json\/wp\/v2\/users\/1"}],"replies":[{"embeddable":true,"href":"https:\/\/www.pikas.at\/cs\/wp-json\/wp\/v2\/comments?post=8697"}],"version-history":[{"count":3,"href":"https:\/\/www.pikas.at\/cs\/wp-json\/wp\/v2\/pages\/8697\/revisions"}],"predecessor-version":[{"id":11325,"href":"https:\/\/www.pikas.at\/cs\/wp-json\/wp\/v2\/pages\/8697\/revisions\/11325"}],"up":[{"embeddable":true,"href":"https:\/\/www.pikas.at\/cs\/wp-json\/wp\/v2\/pages\/8617"}],"wp:featuredmedia":[{"embeddable":true,"href":"https:\/\/www.pikas.at\/cs\/wp-json\/wp\/v2\/media\/8699"}],"wp:attachment":[{"href":"https:\/\/www.pikas.at\/cs\/wp-json\/wp\/v2\/media?parent=8697"}],"curies":[{"name":"wp","href":"https:\/\/api.w.org\/{rel}","templated":true}]}}