{"id":6311,"date":"2020-02-27T15:36:13","date_gmt":"2020-02-27T14:36:13","guid":{"rendered":"https:\/\/www.pikas.at\/termekek\/polstertec-teljesitmenyrelek\/leistungsrelais-mit-hilfskontakt\/"},"modified":"2024-10-28T07:28:54","modified_gmt":"2024-10-28T06:28:54","slug":"teljesitmenyrelek-segederintkezovel","status":"publish","type":"page","link":"https:\/\/www.pikas.at\/hu\/termekek\/polstertec-teljesitmenyrelek\/teljesitmenyrelek-segederintkezovel\/","title":{"rendered":"Teljes\u00edtm\u00e9nyrel\u00e9k seg\u00e9d\u00e9rintkez\u0151vel"},"content":{"rendered":"","protected":false},"excerpt":{"rendered":"","protected":false},"author":1,"featured_media":6287,"parent":6159,"menu_order":1037,"comment_status":"closed","ping_status":"closed","template":"","meta":{"_acf_changed":false,"_relevanssi_hide_post":"","_relevanssi_hide_content":"","_relevanssi_pin_for_all":"","_relevanssi_pin_keywords":"","_relevanssi_unpin_keywords":"","_relevanssi_related_keywords":"","_relevanssi_related_include_ids":"","_relevanssi_related_exclude_ids":"","_relevanssi_related_no_append":"","_relevanssi_related_not_related":"","_relevanssi_related_posts":"","_relevanssi_noindex_reason":"","footnotes":""},"class_list":["post-6311","page","type-page","status-publish","has-post-thumbnail","hentry"],"acf":[],"_links":{"self":[{"href":"https:\/\/www.pikas.at\/hu\/wp-json\/wp\/v2\/pages\/6311","targetHints":{"allow":["GET"]}}],"collection":[{"href":"https:\/\/www.pikas.at\/hu\/wp-json\/wp\/v2\/pages"}],"about":[{"href":"https:\/\/www.pikas.at\/hu\/wp-json\/wp\/v2\/types\/page"}],"author":[{"embeddable":true,"href":"https:\/\/www.pikas.at\/hu\/wp-json\/wp\/v2\/users\/1"}],"replies":[{"embeddable":true,"href":"https:\/\/www.pikas.at\/hu\/wp-json\/wp\/v2\/comments?post=6311"}],"version-history":[{"count":5,"href":"https:\/\/www.pikas.at\/hu\/wp-json\/wp\/v2\/pages\/6311\/revisions"}],"predecessor-version":[{"id":17425,"href":"https:\/\/www.pikas.at\/hu\/wp-json\/wp\/v2\/pages\/6311\/revisions\/17425"}],"up":[{"embeddable":true,"href":"https:\/\/www.pikas.at\/hu\/wp-json\/wp\/v2\/pages\/6159"}],"wp:featuredmedia":[{"embeddable":true,"href":"https:\/\/www.pikas.at\/hu\/wp-json\/wp\/v2\/media\/6287"}],"wp:attachment":[{"href":"https:\/\/www.pikas.at\/hu\/wp-json\/wp\/v2\/media?parent=6311"}],"curies":[{"name":"wp","href":"https:\/\/api.w.org\/{rel}","templated":true}]}}