{"id":6387,"date":"2020-02-27T15:36:12","date_gmt":"2020-02-27T14:36:12","guid":{"rendered":"https:\/\/www.pikas.at\/hochspannungsrelais\/"},"modified":"2020-08-03T10:07:27","modified_gmt":"2020-08-03T08:07:27","slug":"nagyfeszueltsegu-rele","status":"publish","type":"page","link":"https:\/\/www.pikas.at\/hu\/termekek\/gigavac\/nagyfeszueltsegu-rele\/","title":{"rendered":"Nagyfesz\u00fclts\u00e9g\u0171 rel\u00e9"},"content":{"rendered":"","protected":false},"excerpt":{"rendered":"","protected":false},"author":1,"featured_media":4895,"parent":6393,"menu_order":1019,"comment_status":"closed","ping_status":"closed","template":"","meta":{"_acf_changed":false,"_relevanssi_hide_post":"","_relevanssi_hide_content":"","_relevanssi_pin_for_all":"","_relevanssi_pin_keywords":"","_relevanssi_unpin_keywords":"","_relevanssi_related_keywords":"","_relevanssi_related_include_ids":"","_relevanssi_related_exclude_ids":"","_relevanssi_related_no_append":"","_relevanssi_related_not_related":"","_relevanssi_related_posts":"","_relevanssi_noindex_reason":"","footnotes":""},"class_list":["post-6387","page","type-page","status-publish","has-post-thumbnail","hentry"],"acf":[],"_links":{"self":[{"href":"https:\/\/www.pikas.at\/hu\/wp-json\/wp\/v2\/pages\/6387","targetHints":{"allow":["GET"]}}],"collection":[{"href":"https:\/\/www.pikas.at\/hu\/wp-json\/wp\/v2\/pages"}],"about":[{"href":"https:\/\/www.pikas.at\/hu\/wp-json\/wp\/v2\/types\/page"}],"author":[{"embeddable":true,"href":"https:\/\/www.pikas.at\/hu\/wp-json\/wp\/v2\/users\/1"}],"replies":[{"embeddable":true,"href":"https:\/\/www.pikas.at\/hu\/wp-json\/wp\/v2\/comments?post=6387"}],"version-history":[{"count":1,"href":"https:\/\/www.pikas.at\/hu\/wp-json\/wp\/v2\/pages\/6387\/revisions"}],"predecessor-version":[{"id":6391,"href":"https:\/\/www.pikas.at\/hu\/wp-json\/wp\/v2\/pages\/6387\/revisions\/6391"}],"up":[{"embeddable":true,"href":"https:\/\/www.pikas.at\/hu\/wp-json\/wp\/v2\/pages\/6393"}],"wp:featuredmedia":[{"embeddable":true,"href":"https:\/\/www.pikas.at\/hu\/wp-json\/wp\/v2\/media\/4895"}],"wp:attachment":[{"href":"https:\/\/www.pikas.at\/hu\/wp-json\/wp\/v2\/media?parent=6387"}],"curies":[{"name":"wp","href":"https:\/\/api.w.org\/{rel}","templated":true}]}}