{"id":6831,"date":"2020-02-27T15:36:12","date_gmt":"2020-02-27T14:36:12","guid":{"rendered":"https:\/\/www.pikas.at\/termekek\/gigavac\/hochspannungs-und-hochleistungssicherungen\/"},"modified":"2020-08-06T14:14:21","modified_gmt":"2020-08-06T12:14:21","slug":"nagyfeszueltsegu-es-nagyteljesitmenyu-biztositekok","status":"publish","type":"page","link":"https:\/\/www.pikas.at\/hu\/termekek\/gigavac\/nagyfeszueltsegu-es-nagyteljesitmenyu-biztositekok\/","title":{"rendered":"Nagyfesz\u00fclts\u00e9g\u0171 \u00e9s nagyteljes\u00edtm\u00e9ny\u0171 biztos\u00edt\u00e9kok"},"content":{"rendered":"","protected":false},"excerpt":{"rendered":"","protected":false},"author":1,"featured_media":6835,"parent":6393,"menu_order":1026,"comment_status":"closed","ping_status":"closed","template":"","meta":{"_acf_changed":false,"_relevanssi_hide_post":"","_relevanssi_hide_content":"","_relevanssi_pin_for_all":"","_relevanssi_pin_keywords":"","_relevanssi_unpin_keywords":"","_relevanssi_related_keywords":"","_relevanssi_related_include_ids":"","_relevanssi_related_exclude_ids":"","_relevanssi_related_no_append":"","_relevanssi_related_not_related":"","_relevanssi_related_posts":"","_relevanssi_noindex_reason":"","footnotes":""},"class_list":["post-6831","page","type-page","status-publish","has-post-thumbnail","hentry"],"acf":[],"_links":{"self":[{"href":"https:\/\/www.pikas.at\/hu\/wp-json\/wp\/v2\/pages\/6831","targetHints":{"allow":["GET"]}}],"collection":[{"href":"https:\/\/www.pikas.at\/hu\/wp-json\/wp\/v2\/pages"}],"about":[{"href":"https:\/\/www.pikas.at\/hu\/wp-json\/wp\/v2\/types\/page"}],"author":[{"embeddable":true,"href":"https:\/\/www.pikas.at\/hu\/wp-json\/wp\/v2\/users\/1"}],"replies":[{"embeddable":true,"href":"https:\/\/www.pikas.at\/hu\/wp-json\/wp\/v2\/comments?post=6831"}],"version-history":[{"count":3,"href":"https:\/\/www.pikas.at\/hu\/wp-json\/wp\/v2\/pages\/6831\/revisions"}],"predecessor-version":[{"id":6897,"href":"https:\/\/www.pikas.at\/hu\/wp-json\/wp\/v2\/pages\/6831\/revisions\/6897"}],"up":[{"embeddable":true,"href":"https:\/\/www.pikas.at\/hu\/wp-json\/wp\/v2\/pages\/6393"}],"wp:featuredmedia":[{"embeddable":true,"href":"https:\/\/www.pikas.at\/hu\/wp-json\/wp\/v2\/media\/6835"}],"wp:attachment":[{"href":"https:\/\/www.pikas.at\/hu\/wp-json\/wp\/v2\/media?parent=6831"}],"curies":[{"name":"wp","href":"https:\/\/api.w.org\/{rel}","templated":true}]}}