{"id":6873,"date":"2020-03-19T15:25:10","date_gmt":"2020-03-19T14:25:10","guid":{"rendered":"https:\/\/www.pikas.at\/produktanfrage\/"},"modified":"2020-08-10T14:14:17","modified_gmt":"2020-08-10T12:14:17","slug":"termek-keresek","status":"publish","type":"page","link":"https:\/\/www.pikas.at\/hu\/termek-keresek\/","title":{"rendered":"Term\u00e9k k\u00e9r\u00e9sek"},"content":{"rendered":"","protected":false},"excerpt":{"rendered":"","protected":false},"author":1,"featured_media":0,"parent":0,"menu_order":999,"comment_status":"closed","ping_status":"closed","template":"","meta":{"_acf_changed":false,"_relevanssi_hide_post":"","_relevanssi_hide_content":"","_relevanssi_pin_for_all":"","_relevanssi_pin_keywords":"","_relevanssi_unpin_keywords":"","_relevanssi_related_keywords":"","_relevanssi_related_include_ids":"","_relevanssi_related_exclude_ids":"","_relevanssi_related_no_append":"","_relevanssi_related_not_related":"","_relevanssi_related_posts":"","_relevanssi_noindex_reason":"","footnotes":""},"class_list":["post-6873","page","type-page","status-publish","hentry"],"acf":[],"_links":{"self":[{"href":"https:\/\/www.pikas.at\/hu\/wp-json\/wp\/v2\/pages\/6873","targetHints":{"allow":["GET"]}}],"collection":[{"href":"https:\/\/www.pikas.at\/hu\/wp-json\/wp\/v2\/pages"}],"about":[{"href":"https:\/\/www.pikas.at\/hu\/wp-json\/wp\/v2\/types\/page"}],"author":[{"embeddable":true,"href":"https:\/\/www.pikas.at\/hu\/wp-json\/wp\/v2\/users\/1"}],"replies":[{"embeddable":true,"href":"https:\/\/www.pikas.at\/hu\/wp-json\/wp\/v2\/comments?post=6873"}],"version-history":[{"count":3,"href":"https:\/\/www.pikas.at\/hu\/wp-json\/wp\/v2\/pages\/6873\/revisions"}],"predecessor-version":[{"id":6907,"href":"https:\/\/www.pikas.at\/hu\/wp-json\/wp\/v2\/pages\/6873\/revisions\/6907"}],"wp:attachment":[{"href":"https:\/\/www.pikas.at\/hu\/wp-json\/wp\/v2\/media?parent=6873"}],"curies":[{"name":"wp","href":"https:\/\/api.w.org\/{rel}","templated":true}]}}