{"id":6931,"date":"2020-04-01T16:33:31","date_gmt":"2020-04-01T14:33:31","guid":{"rendered":"https:\/\/www.pikas.at\/termekek\/biztonsagi-jeloelesek\/warning-marks-ece-70-01\/"},"modified":"2021-06-08T14:40:26","modified_gmt":"2021-06-08T12:40:26","slug":"figyelmezteto-jeloelesek-ece-70-01","status":"publish","type":"page","link":"https:\/\/www.pikas.at\/hu\/termekek\/biztonsagi-jeloelesek\/figyelmezteto-jeloelesek-ece-70-01\/","title":{"rendered":"Figyelmeztet\u0151 jel\u00f6l\u00e9sek ECE 70.01"},"content":{"rendered":"","protected":false},"excerpt":{"rendered":"","protected":false},"author":1,"featured_media":6925,"parent":6909,"menu_order":0,"comment_status":"closed","ping_status":"closed","template":"","meta":{"_acf_changed":false,"_relevanssi_hide_post":"","_relevanssi_hide_content":"","_relevanssi_pin_for_all":"","_relevanssi_pin_keywords":"","_relevanssi_unpin_keywords":"","_relevanssi_related_keywords":"","_relevanssi_related_include_ids":"","_relevanssi_related_exclude_ids":"","_relevanssi_related_no_append":"","_relevanssi_related_not_related":"","_relevanssi_related_posts":"","_relevanssi_noindex_reason":"","footnotes":""},"class_list":["post-6931","page","type-page","status-publish","has-post-thumbnail","hentry"],"acf":[],"_links":{"self":[{"href":"https:\/\/www.pikas.at\/hu\/wp-json\/wp\/v2\/pages\/6931","targetHints":{"allow":["GET"]}}],"collection":[{"href":"https:\/\/www.pikas.at\/hu\/wp-json\/wp\/v2\/pages"}],"about":[{"href":"https:\/\/www.pikas.at\/hu\/wp-json\/wp\/v2\/types\/page"}],"author":[{"embeddable":true,"href":"https:\/\/www.pikas.at\/hu\/wp-json\/wp\/v2\/users\/1"}],"replies":[{"embeddable":true,"href":"https:\/\/www.pikas.at\/hu\/wp-json\/wp\/v2\/comments?post=6931"}],"version-history":[{"count":4,"href":"https:\/\/www.pikas.at\/hu\/wp-json\/wp\/v2\/pages\/6931\/revisions"}],"predecessor-version":[{"id":11331,"href":"https:\/\/www.pikas.at\/hu\/wp-json\/wp\/v2\/pages\/6931\/revisions\/11331"}],"up":[{"embeddable":true,"href":"https:\/\/www.pikas.at\/hu\/wp-json\/wp\/v2\/pages\/6909"}],"wp:featuredmedia":[{"embeddable":true,"href":"https:\/\/www.pikas.at\/hu\/wp-json\/wp\/v2\/media\/6925"}],"wp:attachment":[{"href":"https:\/\/www.pikas.at\/hu\/wp-json\/wp\/v2\/media?parent=6931"}],"curies":[{"name":"wp","href":"https:\/\/api.w.org\/{rel}","templated":true}]}}