{"id":14505,"date":"2022-03-23T15:40:05","date_gmt":"2022-03-23T14:40:05","guid":{"rendered":"https:\/\/www.pikas.at\/produkty\/rincon-power\/batterietrennschalter\/"},"modified":"2022-03-28T09:32:57","modified_gmt":"2022-03-28T07:32:57","slug":"spinac-na-odpojenie-baterie","status":"publish","type":"page","link":"https:\/\/www.pikas.at\/sk\/produkty\/rincon-power\/spinac-na-odpojenie-baterie\/","title":{"rendered":"Sp\u00edna\u010d na odpojenie bat\u00e9rie"},"content":{"rendered":"","protected":false},"excerpt":{"rendered":"","protected":false},"author":3,"featured_media":14437,"parent":14495,"menu_order":0,"comment_status":"closed","ping_status":"closed","template":"","meta":{"_acf_changed":false,"_relevanssi_hide_post":"","_relevanssi_hide_content":"","_relevanssi_pin_for_all":"","_relevanssi_pin_keywords":"","_relevanssi_unpin_keywords":"","_relevanssi_related_keywords":"","_relevanssi_related_include_ids":"","_relevanssi_related_exclude_ids":"","_relevanssi_related_no_append":"","_relevanssi_related_not_related":"","_relevanssi_related_posts":"","_relevanssi_noindex_reason":"","footnotes":""},"class_list":["post-14505","page","type-page","status-publish","has-post-thumbnail","hentry"],"acf":[],"_links":{"self":[{"href":"https:\/\/www.pikas.at\/sk\/wp-json\/wp\/v2\/pages\/14505","targetHints":{"allow":["GET"]}}],"collection":[{"href":"https:\/\/www.pikas.at\/sk\/wp-json\/wp\/v2\/pages"}],"about":[{"href":"https:\/\/www.pikas.at\/sk\/wp-json\/wp\/v2\/types\/page"}],"author":[{"embeddable":true,"href":"https:\/\/www.pikas.at\/sk\/wp-json\/wp\/v2\/users\/3"}],"replies":[{"embeddable":true,"href":"https:\/\/www.pikas.at\/sk\/wp-json\/wp\/v2\/comments?post=14505"}],"version-history":[{"count":2,"href":"https:\/\/www.pikas.at\/sk\/wp-json\/wp\/v2\/pages\/14505\/revisions"}],"predecessor-version":[{"id":14583,"href":"https:\/\/www.pikas.at\/sk\/wp-json\/wp\/v2\/pages\/14505\/revisions\/14583"}],"up":[{"embeddable":true,"href":"https:\/\/www.pikas.at\/sk\/wp-json\/wp\/v2\/pages\/14495"}],"wp:featuredmedia":[{"embeddable":true,"href":"https:\/\/www.pikas.at\/sk\/wp-json\/wp\/v2\/media\/14437"}],"wp:attachment":[{"href":"https:\/\/www.pikas.at\/sk\/wp-json\/wp\/v2\/media?parent=14505"}],"curies":[{"name":"wp","href":"https:\/\/api.w.org\/{rel}","templated":true}]}}