{"id":8431,"date":"2020-02-27T15:36:12","date_gmt":"2020-02-27T14:36:12","guid":{"rendered":"https:\/\/www.pikas.at\/produkty\/gigavac\/hochspannungs-und-hochleistungssicherungen\/"},"modified":"2020-08-17T13:07:32","modified_gmt":"2020-08-17T11:07:32","slug":"poistky-vysokeho-napaetia-a-vysokeho-vykonu","status":"publish","type":"page","link":"https:\/\/www.pikas.at\/sk\/produkty\/gigavac\/poistky-vysokeho-napaetia-a-vysokeho-vykonu\/","title":{"rendered":"Poistky vysok\u00e9ho nap\u00e4tia a vysok\u00e9ho v\u00fdkonu"},"content":{"rendered":"","protected":false},"excerpt":{"rendered":"","protected":false},"author":1,"featured_media":8435,"parent":7781,"menu_order":1026,"comment_status":"closed","ping_status":"closed","template":"","meta":{"_acf_changed":false,"_relevanssi_hide_post":"","_relevanssi_hide_content":"","_relevanssi_pin_for_all":"","_relevanssi_pin_keywords":"","_relevanssi_unpin_keywords":"","_relevanssi_related_keywords":"","_relevanssi_related_include_ids":"","_relevanssi_related_exclude_ids":"","_relevanssi_related_no_append":"","_relevanssi_related_not_related":"","_relevanssi_related_posts":"","_relevanssi_noindex_reason":"","footnotes":""},"class_list":["post-8431","page","type-page","status-publish","has-post-thumbnail","hentry"],"acf":[],"_links":{"self":[{"href":"https:\/\/www.pikas.at\/sk\/wp-json\/wp\/v2\/pages\/8431","targetHints":{"allow":["GET"]}}],"collection":[{"href":"https:\/\/www.pikas.at\/sk\/wp-json\/wp\/v2\/pages"}],"about":[{"href":"https:\/\/www.pikas.at\/sk\/wp-json\/wp\/v2\/types\/page"}],"author":[{"embeddable":true,"href":"https:\/\/www.pikas.at\/sk\/wp-json\/wp\/v2\/users\/1"}],"replies":[{"embeddable":true,"href":"https:\/\/www.pikas.at\/sk\/wp-json\/wp\/v2\/comments?post=8431"}],"version-history":[{"count":2,"href":"https:\/\/www.pikas.at\/sk\/wp-json\/wp\/v2\/pages\/8431\/revisions"}],"predecessor-version":[{"id":8451,"href":"https:\/\/www.pikas.at\/sk\/wp-json\/wp\/v2\/pages\/8431\/revisions\/8451"}],"up":[{"embeddable":true,"href":"https:\/\/www.pikas.at\/sk\/wp-json\/wp\/v2\/pages\/7781"}],"wp:featuredmedia":[{"embeddable":true,"href":"https:\/\/www.pikas.at\/sk\/wp-json\/wp\/v2\/media\/8435"}],"wp:attachment":[{"href":"https:\/\/www.pikas.at\/sk\/wp-json\/wp\/v2\/media?parent=8431"}],"curies":[{"name":"wp","href":"https:\/\/api.w.org\/{rel}","templated":true}]}}